{"id":2901,"date":"2022-02-24T14:11:37","date_gmt":"2022-02-24T14:11:37","guid":{"rendered":"https:\/\/elearning.ota-project.eu\/home\/"},"modified":"2023-04-11T08:33:22","modified_gmt":"2023-04-11T08:33:22","slug":"home","status":"publish","type":"page","link":"https:\/\/elearning.ota-project.eu\/sl\/","title":{"rendered":"Domov"},"content":{"rendered":"<h1>Napredovanje v spletnem pou\u010devanju<\/h1>\n<h1>Znanost skozi umetnost<\/h1>\n<div>\n<p><span>OTA (Napredovanje v spletnem pou\u010devanju) je projekt programa Erasmus+, katerega cilj je ustvariti odprto u\u010dno metodologijo za pou\u010devanje naravoslovja s pomo\u010djo umetnosti in opremiti u\u010ditelje naravoslovja v osnovnem izobra\u017eevanju v formalnem okolju z ve\u0161\u010dinami in znanjem za delo v spletnem okolju ali pri pou\u010devanju v \u017eivo. Namen projekta je olaj\u0161ati u\u010denje naravoslovja z zanimivim kontekstom in ustvariti pozitivne u\u010dne izku\u0161nje s spodbujanjem vrednosti naravoslovja in umetnosti ter tako izbolj\u0161ati vklju\u010devanje u\u010dencev v \u0161olo in skupnost ter izbolj\u0161ati njihovo dobro po\u010dutje in u\u010dne rezultate.<\/span><span><\/span><\/p>\n<p><span>Partnerske organizacije iz Slovenije, Finske, Italije in Cipra so opravile analizo potreb, razvile metodologijo u\u010denja in pripravile 101 u\u010dno aktivnost za pouk matematike, fizike in kemije. Gradivo je na voljo spodaj.<\/span><span><\/span><\/p>\n<\/div>\n<p><iframe src=\"https:\/\/www.youtube.com\/watch?v=MFMxvWpZ8zA\"><\/iframe><\/p>\n<div>\n<p>        <img decoding=\"async\" src=\"\/wp-content\/uploads\/2022\/08\/activities.png\" alt=\"Activities\"><\/p>\n<h2>Aktivnosti<\/h2>\n<p><a href=\"\/sl\/activities\/\"><\/a><\/p>\n<\/div>\n<div>\n<p>        <img decoding=\"async\" src=\"\/wp-content\/uploads\/2022\/08\/methodology.png\" alt=\"Metodologija\"><\/p>\n<h2>Metodologija<\/h2>\n<p><a href=\"\/sl\/methodology\/\"><\/a><\/p>\n<\/div>\n<div>\n<p>        <img decoding=\"async\" src=\"\/wp-content\/uploads\/2022\/08\/needsAnalysis.png\" alt=\" Potrebna je analiza\"><\/p>\n<h2>Analiza potreb<\/h2>\n<p><a href=\"\/sl\/needs-analysis\/\"><\/a><\/p>\n<\/div>\n<p><!--more--><br \/>\n<!-- {\"type\":\"layout\",\"children\":[{\"type\":\"section\",\"props\":{\"style\":\"default\",\"width\":\"default\",\"vertical_align\":\"middle\",\"title_position\":\"top-left\",\"title_rotation\":\"left\",\"title_breakpoint\":\"xl\",\"image_position\":\"center-center\",\"class\":\"visible_to_logged_in\"},\"children\":[{\"type\":\"row\",\"children\":[{\"type\":\"column\",\"props\":{\"position_sticky_breakpoint\":\"m\",\"image_position\":\"center-center\",\"media_overlay_gradient\":\"\"},\"children\":[{\"type\":\"headline\",\"props\":{\"title_element\":\"h1\",\"css\":\".el-element{\\n    color: #001689;\\n    font-size: 40px;\\n}\\n\",\"content\":\"Napredovanje v spletnem pou\\u010devanju\",\"title_style\":\"h2\",\"margin\":\"small\",\"text_align\":\"center\"}},{\"type\":\"headline\",\"props\":{\"title_element\":\"h1\",\"css\":\".el-element{\\n    color: #001689;\\n    font-size: 50px;\\n    font-size: 65px;\\nline-height: 1;\\n}\\n\",\"content\":\"Znanost skozi umetnost\",\"title_style\":\"h1\",\"text_align\":\"center\",\"margin_remove_top\":true}},{\"type\":\"text\",\"props\":{\"margin\":\"default\",\"column_breakpoint\":\"m\",\"content\":\"\n\n<p><span>OTA (Napredovanje v spletnem pou\\u010devanju) je projekt programa Erasmus+, katerega cilj je ustvariti odprto u\\u010dno metodologijo za pou\\u010devanje naravoslovja s pomo\\u010djo umetnosti in opremiti u\\u010ditelje naravoslovja v osnovnem izobra\\u017eevanju v formalnem okolju z ve\\u0161\\u010dinami in znanjem za delo v spletnem okolju ali pri pou\\u010devanju v \\u017eivo. Namen projekta je olaj\\u0161ati u\\u010denje naravoslovja z zanimivim kontekstom in ustvariti pozitivne u\\u010dne izku\\u0161nje s spodbujanjem vrednosti naravoslovja in umetnosti ter tako izbolj\\u0161ati vklju\\u010devanje u\\u010dencev v \\u0161olo in skupnost ter izbolj\\u0161ati njihovo dobro po\\u010dutje in u\\u010dne rezultate.<\\\/span><span><\\\/span><\\\/p>\\n\n\n<p><span>Partnerske organizacije iz Slovenije, Finske, Italije in Cipra so opravile analizo potreb, razvile metodologijo u\\u010denja in pripravile 101 u\\u010dno aktivnost za pouk matematike, fizike in kemije. Gradivo je na voljo spodaj.<\\\/span><span><\\\/span><\\\/p>\"}},{\"type\":\"video\",\"props\":{\"video_controls\":true,\"margin\":\"default\",\"css\":\".el-element{\\n\\twidth: 80%;\\n    margin: 0 auto;\\n    height: 350px;\\n}\\n.el-element iframe{\\n\\twidth: 100%;\\n    height: 100%;\\n}\",\"video\":\"https:\\\/\\\/www.youtube.com\\\/watch?v=MFMxvWpZ8zA\"}}]}]}]},{\"type\":\"section\",\"props\":{\"style\":\"default\",\"width\":\"default\",\"vertical_align\":\"middle\",\"title_position\":\"top-left\",\"title_rotation\":\"left\",\"title_breakpoint\":\"xl\",\"image_position\":\"center-center\",\"class\":\"visible_to_logged_in\",\"css\":\".el-section {\\n\\tbackground-color: rgba(0, 22, 137, .1);\\n}\\n.courses-row .el-image{\\n    max-height: 183px;\\n}\\n\"},\"children\":[{\"type\":\"row\",\"props\":{\"layout\":\"1-3,1-3,1-3\",\"match\":true,\"class\":\"courses-row\"},\"children\":[{\"type\":\"column\",\"props\":{\"position_sticky_breakpoint\":\"m\",\"image_position\":\"center-center\",\"media_overlay_gradient\":\"\",\"width_medium\":\"1-3\"},\"children\":[{\"type\":\"panel\",\"props\":{\"link_text\":\"\",\"title_hover_style\":\"reset\",\"title_element\":\"h2\",\"title_align\":\"top\",\"title_grid_width\":\"1-2\",\"title_grid_breakpoint\":\"m\",\"meta_style\":\"meta\",\"meta_align\":\"below-title\",\"meta_element\":\"div\",\"content_column_breakpoint\":\"m\",\"icon_width\":80,\"image_align\":\"top\",\"image_grid_width\":\"1-2\",\"image_grid_breakpoint\":\"m\",\"image_svg_color\":\"emphasis\",\"link_style\":\"default\",\"margin\":\"default\",\"title_style\":\"h3\",\"text_align\":\"center\",\"panel_padding\":\"default\",\"panel_link\":true,\"title\":\"Aktivnosti\",\"image\":\"wp-content\\\/uploads\\\/2022\\\/08\\\/activities.png\",\"link\":\"sl\\\/activities\\\/\",\"image_alt\":\"Activities\"}}]},{\"type\":\"column\",\"props\":{\"position_sticky_breakpoint\":\"m\",\"image_position\":\"center-center\",\"media_overlay_gradient\":\"\",\"width_medium\":\"1-3\"},\"children\":[{\"type\":\"panel\",\"props\":{\"link_text\":\"\",\"title_hover_style\":\"reset\",\"title_element\":\"h2\",\"title_align\":\"top\",\"title_grid_width\":\"1-2\",\"title_grid_breakpoint\":\"m\",\"meta_style\":\"meta\",\"meta_align\":\"below-title\",\"meta_element\":\"div\",\"content_column_breakpoint\":\"m\",\"icon_width\":80,\"image_align\":\"top\",\"image_grid_width\":\"1-2\",\"image_grid_breakpoint\":\"m\",\"image_svg_color\":\"emphasis\",\"link_style\":\"default\",\"margin\":\"default\",\"title_style\":\"h3\",\"text_align\":\"center\",\"panel_padding\":\"default\",\"panel_link\":true,\"title\":\"Metodologija\",\"image\":\"wp-content\\\/uploads\\\/2022\\\/08\\\/methodology.png\",\"image_alt\":\"Metodologija\",\"link\":\"sl\\\/methodology\\\/\"}}]},{\"type\":\"column\",\"props\":{\"position_sticky_breakpoint\":\"m\",\"image_position\":\"center-center\",\"media_overlay_gradient\":\"\",\"width_medium\":\"1-3\"},\"children\":[{\"type\":\"panel\",\"props\":{\"link_text\":\"\",\"title_hover_style\":\"reset\",\"title_element\":\"h2\",\"title_align\":\"top\",\"title_grid_width\":\"1-2\",\"title_grid_breakpoint\":\"m\",\"meta_style\":\"meta\",\"meta_align\":\"below-title\",\"meta_element\":\"div\",\"content_column_breakpoint\":\"m\",\"icon_width\":80,\"image_align\":\"top\",\"image_grid_width\":\"1-2\",\"image_grid_breakpoint\":\"m\",\"image_svg_color\":\"emphasis\",\"link_style\":\"default\",\"margin\":\"default\",\"title_style\":\"h3\",\"text_align\":\"center\",\"panel_padding\":\"default\",\"panel_link\":true,\"title\":\"Analiza potreb\",\"image\":\"wp-content\\\/uploads\\\/2022\\\/08\\\/needsAnalysis.png\",\"image_alt\":\" Potrebna je analiza\",\"link\":\"sl\\\/needs-analysis\\\/\"}}]}]}]}],\"version\":\"2.7.22\"} --><\/p>\n","protected":false},"excerpt":{"rendered":"<p>Napredovanje v spletnem pou\u010devanju Znanost skozi umetnost OTA (Napredovanje v spletnem pou\u010devanju) je projekt programa Erasmus+, katerega cilj je ustvariti odprto u\u010dno metodologijo za pou\u010devanje naravoslovja s pomo\u010djo umetnosti in opremiti u\u010ditelje naravoslovja v osnovnem izobra\u017eevanju v formalnem okolju z ve\u0161\u010dinami in znanjem za delo v spletnem okolju ali pri pou\u010devanju v \u017eivo. Namen projekta [&hellip;]<\/p>\n","protected":false},"author":1,"featured_media":0,"parent":0,"menu_order":0,"comment_status":"closed","ping_status":"closed","template":"","meta":{"_acf_changed":false,"inline_featured_image":false,"footnotes":""},"class_list":["post-2901","page","type-page","status-publish","hentry"],"acf":[],"_links":{"self":[{"href":"https:\/\/elearning.ota-project.eu\/sl\/wp-json\/wp\/v2\/pages\/2901","targetHints":{"allow":["GET"]}}],"collection":[{"href":"https:\/\/elearning.ota-project.eu\/sl\/wp-json\/wp\/v2\/pages"}],"about":[{"href":"https:\/\/elearning.ota-project.eu\/sl\/wp-json\/wp\/v2\/types\/page"}],"author":[{"embeddable":true,"href":"https:\/\/elearning.ota-project.eu\/sl\/wp-json\/wp\/v2\/users\/1"}],"replies":[{"embeddable":true,"href":"https:\/\/elearning.ota-project.eu\/sl\/wp-json\/wp\/v2\/comments?post=2901"}],"version-history":[{"count":5,"href":"https:\/\/elearning.ota-project.eu\/sl\/wp-json\/wp\/v2\/pages\/2901\/revisions"}],"predecessor-version":[{"id":4556,"href":"https:\/\/elearning.ota-project.eu\/sl\/wp-json\/wp\/v2\/pages\/2901\/revisions\/4556"}],"wp:attachment":[{"href":"https:\/\/elearning.ota-project.eu\/sl\/wp-json\/wp\/v2\/media?parent=2901"}],"curies":[{"name":"wp","href":"https:\/\/api.w.org\/{rel}","templated":true}]}}