{"id":2898,"date":"2022-08-30T10:25:31","date_gmt":"2022-08-30T10:25:31","guid":{"rendered":"https:\/\/elearning.ota-project.eu\/activities\/"},"modified":"2023-04-11T08:34:13","modified_gmt":"2023-04-11T08:34:13","slug":"activities","status":"publish","type":"page","link":"https:\/\/elearning.ota-project.eu\/sl\/activities\/","title":{"rendered":"Aktivnosti"},"content":{"rendered":"<div>\n<nav aria-label=\"Breadcrumb\" class=\"sfwd-breadcrumbs clr lms-breadcrumbs \"><div class=\"breadcrumb-trail\"><span itemscope=\"\" itemtype=\"http:\/\/schema.org\/Breadcrumb\"><a href=\"https:\/\/elearning.ota-project.eu\/sl\/\" title=\"Domov\" rel=\"domov\" class=\"trail-begin\"><span itemprop=\"Domov\">Domov<\/span><\/a><\/span><\/div><\/nav>\n<\/div>\n<h1>Aktivnosti<\/h1>\n<div>\n<div class=\"uk-panel uk-margin\" data-id=\"template-g39IVgY-#0-0-0-2\">\n<p><span>V tem naboru je na voljo 101 aktivnost\/u\u010dna enota. Nana\u0161ajo se na 61 tem s podro\u010dja matematike, fizike in kemije. Konzorcij se je ukvarjal s temami, za katere je bilo ugotovljeno, da so za u\u010ditelje in u\u010dence najbolj zahtevne pri pou\u010devanju in u\u010denju. U\u010ditelji naravoslovja v osnovni \u0161oli lahko izberejo gradivo glede na svoje potrebe, ga prilagodijo in uporabijo na spletu ali v razredu, z veliko ali majhno skupino u\u010dencev.<br \/><\/span><\/p>\n<p>V naslednjem priro\u010dniku lahko najdete navodila za bolj\u0161e krmarjenje po aktivnostih in kori\u0161\u010denje njihovih prednosti.<\/p>\n<p><a class=\"uk-button uk-button-primary\" href=\"\/wp-content\/uploads\/toolkit\/OTA_LearningToolkit-SL.pdf\" target=\"_blank\" rel=\"noopener\">Prenesite komplet orodij<\/a>\n<\/div>\n<\/div>\n<div>\n<\/div>\n<div>\n<p>V naslednjem dokumentu si lahko preberete ugotovitve po pilotnih testiranjih aktivnosti in sre\u010danjih fokusnih skupin.<\/p>\n<p><a class=\"uk-button uk-button-primary\" target=\"_blank\" href=\"\/wp-content\/uploads\/toolkit\/OTA_SynthesisReport.pdf\">Prenesite poro\u010dilo o sintezi<\/a><\/p>\n<\/div>\n<p><!--more--><br \/>\n<!-- {\"type\":\"layout\",\"children\":[{\"type\":\"section\",\"props\":{\"style\":\"default\",\"width\":\"default\",\"vertical_align\":\"middle\",\"title_position\":\"top-left\",\"title_rotation\":\"left\",\"title_breakpoint\":\"xl\",\"image_position\":\"center-center\",\"padding\":\"small\"},\"children\":[{\"type\":\"row\",\"children\":[{\"type\":\"column\",\"props\":{\"position_sticky_breakpoint\":\"m\",\"image_position\":\"center-center\",\"media_overlay_gradient\":\"\"},\"children\":[{\"type\":\"text\",\"props\":{\"margin\":\"default\",\"column_breakpoint\":\"m\",\"content\":\"\n\n<p>[uo_breadcrumbs]<\\\/p>\"}},{\"type\":\"headline\",\"props\":{\"title_element\":\"h1\",\"content\":\"Aktivnosti\",\"title_color\":\"primary\",\"class\":\"page-header\"}},{\"type\":\"text\",\"props\":{\"margin\":\"default\",\"column_breakpoint\":\"m\",\"content\":\"\n\n<div class=\\\"uk-panel uk-margin\\\" data-id=\\\"template-g39IVgY-#0-0-0-2\\\">\\n\n\n<p><span>V tem naboru je na voljo 101 aktivnost\\\/u\\u010dna enota. Nana\\u0161ajo se na 61 tem s podro\\u010dja matematike, fizike in kemije. Konzorcij se je ukvarjal s temami, za katere je bilo ugotovljeno, da so za u\\u010ditelje in u\\u010dence najbolj zahtevne pri pou\\u010devanju in u\\u010denju. U\\u010ditelji naravoslovja v osnovni \\u0161oli lahko izberejo gradivo glede na svoje potrebe, ga prilagodijo in uporabijo na spletu ali v razredu, z veliko ali majhno skupino u\\u010dencev.<br \\\/><\\\/span><\\\/p>\\n    \n\n<p>V naslednjem priro\\u010dniku lahko najdete navodila za bolj\\u0161e krmarjenje po aktivnostih in kori\\u0161\\u010denje njihovih prednosti.<\\\/p>\\n<a class=\\\"uk-button uk-button-primary\\\" href=\\\"\\\/wp-content\\\/uploads\\\/toolkit\\\/OTA_LearningToolkit-SL.pdf\\\" target=\\\"_blank\\\" rel=\\\"noopener\\\">Prenesite komplet orodij<\\\/a>\\n<\\\/div>\"}}]}]}]},{\"type\":\"section\",\"props\":{\"style\":\"default\",\"width\":\"default\",\"vertical_align\":\"middle\",\"title_position\":\"top-left\",\"title_rotation\":\"left\",\"title_breakpoint\":\"xl\",\"image_position\":\"center-center\",\"css\":\".el-section {\\n\\tbackground-color: rgba(0, 22, 137, .1);\\n}\"},\"children\":[{\"type\":\"row\",\"children\":[{\"type\":\"column\",\"props\":{\"position_sticky_breakpoint\":\"m\",\"image_position\":\"center-center\",\"media_overlay_gradient\":\"\"},\"children\":[{\"type\":\"panel-slider\",\"props\":{\"show_title\":true,\"show_meta\":true,\"show_content\":true,\"show_image\":true,\"show_link\":true,\"slider_width\":\"fixed\",\"slider_width_default\":\"1-1\",\"slider_width_medium\":\"1-3\",\"slider_gap\":\"small\",\"slider_autoplay_pause\":true,\"nav\":\"\",\"nav_align\":\"center\",\"nav_breakpoint\":\"s\",\"slidenav\":\"\",\"slidenav_margin\":\"medium\",\"slidenav_breakpoint\":\"xl\",\"slidenav_outside_breakpoint\":\"xl\",\"panel_card_match\":true,\"title_hover_style\":\"reset\",\"title_element\":\"h3\",\"title_align\":\"top\",\"title_grid_width\":\"1-2\",\"title_grid_breakpoint\":\"m\",\"meta_style\":\"meta\",\"meta_align\":\"below-title\",\"meta_element\":\"div\",\"content_column_breakpoint\":\"m\",\"icon_width\":80,\"image_align\":\"top\",\"image_grid_width\":\"1-2\",\"image_grid_breakpoint\":\"m\",\"image_svg_color\":\"emphasis\",\"link_text\":\"\",\"link_style\":\"default\",\"margin\":\"default\",\"panel_link\":true,\"class\":\"\",\"css\":\".el-image{\\n    max-height: 183px\\n}\\n.el-element{\\n\\toverflow: visible;\\n}\\n.el-element .uk-slider-items{\\n    pointer-events:none;\\n}\\n.el-element .uk-slider-items{\\n    pointer-events:auto;\\n}\",\"text_align\":\"center\"},\"children\":[{\"type\":\"panel-slider_item\",\"source\":{\"query\":{\"name\":\"sfwdCoursess.customSfwdCoursess\",\"arguments\":{\"terms\":[],\"ld_course_category_operator\":\"IN\",\"ld_course_tag_operator\":\"IN\",\"users\":[],\"users_operator\":\"IN\",\"offset\":0,\"limit\":10,\"order\":\"date\",\"order_direction\":\"DESC\"}},\"props\":{\"title\":{\"filters\":{\"search\":\"\"},\"name\":\"title\"},\"image\":{\"filters\":{\"search\":\"\"},\"name\":\"featuredImage.url\"},\"image_alt\":{\"filters\":{\"search\":\"\"},\"name\":\"title\"},\"link\":{\"filters\":{\"search\":\"\"},\"name\":\"link\"}}}}]}]}]}]},{\"type\":\"section\",\"props\":{\"style\":\"default\",\"width\":\"default\",\"vertical_align\":\"middle\",\"title_position\":\"top-left\",\"title_rotation\":\"left\",\"title_breakpoint\":\"xl\",\"image_position\":\"center-center\",\"padding\":\"xsmall\"},\"children\":[{\"type\":\"row\",\"children\":[{\"type\":\"column\",\"props\":{\"position_sticky_breakpoint\":\"m\",\"image_position\":\"center-center\",\"media_overlay_gradient\":\"\"},\"children\":[{\"type\":\"text\",\"props\":{\"margin\":\"default\",\"column_breakpoint\":\"m\",\"content\":\"\n\n<p>V naslednjem dokumentu si lahko preberete ugotovitve po pilotnih testiranjih aktivnosti in sre\\u010danjih fokusnih skupin.<\\\/p>\\n\n\n<p><a class=\\\"uk-button uk-button-primary\\\" target=\\\"_blank\\\" href=\\\"\\\/wp-content\\\/uploads\\\/toolkit\\\/OTA_SynthesisReport.pdf\\\">Prenesite poro\\u010dilo o sintezi<\\\/a><\\\/p>\"}}]}]}]}],\"version\":\"2.7.22\"} --><\/p>\n","protected":false},"excerpt":{"rendered":"<p>Aktivnosti V tem naboru je na voljo 101 aktivnost\/u\u010dna enota. Nana\u0161ajo se na 61 tem s podro\u010dja matematike, fizike in kemije. Konzorcij se je ukvarjal s temami, za katere je bilo ugotovljeno, da so za u\u010ditelje in u\u010dence najbolj zahtevne pri pou\u010devanju in u\u010denju. U\u010ditelji naravoslovja v osnovni \u0161oli lahko izberejo gradivo glede na svoje [&hellip;]<\/p>\n","protected":false},"author":1,"featured_media":0,"parent":0,"menu_order":0,"comment_status":"closed","ping_status":"closed","template":"","meta":{"_acf_changed":false,"inline_featured_image":false,"footnotes":""},"class_list":["post-2898","page","type-page","status-publish","hentry"],"acf":[],"_links":{"self":[{"href":"https:\/\/elearning.ota-project.eu\/sl\/wp-json\/wp\/v2\/pages\/2898","targetHints":{"allow":["GET"]}}],"collection":[{"href":"https:\/\/elearning.ota-project.eu\/sl\/wp-json\/wp\/v2\/pages"}],"about":[{"href":"https:\/\/elearning.ota-project.eu\/sl\/wp-json\/wp\/v2\/types\/page"}],"author":[{"embeddable":true,"href":"https:\/\/elearning.ota-project.eu\/sl\/wp-json\/wp\/v2\/users\/1"}],"replies":[{"embeddable":true,"href":"https:\/\/elearning.ota-project.eu\/sl\/wp-json\/wp\/v2\/comments?post=2898"}],"version-history":[{"count":7,"href":"https:\/\/elearning.ota-project.eu\/sl\/wp-json\/wp\/v2\/pages\/2898\/revisions"}],"predecessor-version":[{"id":4557,"href":"https:\/\/elearning.ota-project.eu\/sl\/wp-json\/wp\/v2\/pages\/2898\/revisions\/4557"}],"wp:attachment":[{"href":"https:\/\/elearning.ota-project.eu\/sl\/wp-json\/wp\/v2\/media?parent=2898"}],"curies":[{"name":"wp","href":"https:\/\/api.w.org\/{rel}","templated":true}]}}