{"id":2902,"date":"2022-02-24T14:11:37","date_gmt":"2022-02-24T14:11:37","guid":{"rendered":"https:\/\/elearning.ota-project.eu\/methodology\/"},"modified":"2023-03-06T10:06:39","modified_gmt":"2023-03-06T10:06:39","slug":"methodology","status":"publish","type":"page","link":"https:\/\/elearning.ota-project.eu\/fi\/methodology\/","title":{"rendered":"Menetelm\u00e4t"},"content":{"rendered":"<div>\n<nav aria-label=\"Breadcrumb\" class=\"sfwd-breadcrumbs clr lms-breadcrumbs \"><div class=\"breadcrumb-trail\"><span itemscope=\"\" itemtype=\"http:\/\/schema.org\/Breadcrumb\"><a href=\"https:\/\/elearning.ota-project.eu\/fi\/\" title=\"Kotisivu\" rel=\"kotisivu\" class=\"trail-begin\"><span itemprop=\"Kotisivu\">Kotisivu<\/span><\/a><\/span><\/div><\/nav>\n<\/div>\n<div>\n<p><span>OTA-oppimismenetelm\u00e4 on OTA-toiminnan perusta. Se koostuu kahdesta perusperiaatteesta: <strong>kolmivaiheisesta mallista ja STEAM-l\u00e4hestymistavasta<\/strong>.<\/span><span>Menetelm\u00e4ss\u00e4 painotetaan tieteen merkityst\u00e4 yhteiskunnassa, edistet\u00e4\u00e4n taidetta v\u00e4lineen\u00e4 luonnontieteiden ja luonnontieteiden opetuksessa ja kannustetaan oppijakeskeiseen l\u00e4hestymistapaan ja k\u00e4yt\u00e4nn\u00f6n toimintaan.<\/span><\/p>\n<p><span>OTA-oppimismenetelm\u00e4n tavoitteena on tarjota oppilaille positiivinen oppimiskokemus, lis\u00e4t\u00e4 heid\u00e4n luontaista kiinnostustaan tieteeseen ja vahvistaa heid\u00e4n ymm\u00e4rryst\u00e4\u00e4n siit\u00e4, ett\u00e4 tiede kuuluu kaikkien arkeen.<\/span><\/p>\n<\/div>\n<p>\n    <a href=\"\/wp-content\/uploads\/methodology_flipbook\/fn\/index.html\">View flipbook<\/a>\n<\/p>\n<p><!--more--><br \/>\n<!-- {\"type\":\"layout\",\"children\":[{\"type\":\"section\",\"props\":{\"style\":\"default\",\"width\":\"default\",\"vertical_align\":\"middle\",\"title_position\":\"top-left\",\"title_rotation\":\"left\",\"title_breakpoint\":\"xl\",\"image_position\":\"center-center\",\"height\":\"expand\"},\"children\":[{\"type\":\"row\",\"children\":[{\"type\":\"column\",\"props\":{\"position_sticky_breakpoint\":\"m\",\"image_position\":\"center-center\",\"media_overlay_gradient\":\"\"},\"children\":[{\"type\":\"text\",\"props\":{\"margin\":\"default\",\"column_breakpoint\":\"m\",\"content\":\"\n\n<p>[uo_breadcrumbs]<\\\/p>\"}},{\"type\":\"headline\",\"props\":{\"title_element\":\"h1\",\"title_style\":\"h1\",\"title_color\":\"primary\"},\"source\":{\"query\":{\"name\":\"pages.singlePage\"},\"props\":{\"content\":{\"filters\":{\"search\":\"\"},\"name\":\"title\"}}}},{\"type\":\"text\",\"props\":{\"margin\":\"default\",\"column_breakpoint\":\"m\",\"content\":\"\n\n<p><span>OTA-oppimismenetelm\\u00e4 on OTA-toiminnan perusta. Se koostuu kahdesta perusperiaatteesta: <strong>kolmivaiheisesta mallista ja STEAM-l\\u00e4hestymistavasta<\\\/strong>.<\\\/span><span>Menetelm\\u00e4ss\\u00e4 painotetaan tieteen merkityst\\u00e4 yhteiskunnassa, edistet\\u00e4\\u00e4n taidetta v\\u00e4lineen\\u00e4 luonnontieteiden ja luonnontieteiden opetuksessa ja kannustetaan oppijakeskeiseen l\\u00e4hestymistapaan ja k\\u00e4yt\\u00e4nn\\u00f6n toimintaan.<\\\/span><\\\/p>\\n\n\n<p><span>OTA-oppimismenetelm\\u00e4n tavoitteena on tarjota oppilaille positiivinen oppimiskokemus, lis\\u00e4t\\u00e4 heid\\u00e4n luontaista kiinnostustaan tieteeseen ja vahvistaa heid\\u00e4n ymm\\u00e4rryst\\u00e4\\u00e4n siit\\u00e4, ett\\u00e4 tiede kuuluu kaikkien arkeen.<\\\/span><\\\/p>\"}},{\"type\":\"button\",\"props\":{\"grid_column_gap\":\"small\",\"grid_row_gap\":\"small\",\"margin\":\"default\"},\"children\":[{\"type\":\"button_item\",\"props\":{\"button_style\":\"primary\",\"icon_align\":\"left\",\"content\":\"View flipbook\",\"link\":\"\\\/wp-content\\\/uploads\\\/methodology_flipbook\\\/fn\\\/index.html\",\"link_target\":\"blank\"}}]}]}]}]}],\"version\":\"2.7.22\"} --><\/p>\n","protected":false},"excerpt":{"rendered":"<p>OTA-oppimismenetelm\u00e4 on OTA-toiminnan perusta. Se koostuu kahdesta perusperiaatteesta: kolmivaiheisesta mallista ja STEAM-l\u00e4hestymistavasta.Menetelm\u00e4ss\u00e4 painotetaan tieteen merkityst\u00e4 yhteiskunnassa, edistet\u00e4\u00e4n taidetta v\u00e4lineen\u00e4 luonnontieteiden ja luonnontieteiden opetuksessa ja kannustetaan oppijakeskeiseen l\u00e4hestymistapaan ja k\u00e4yt\u00e4nn\u00f6n toimintaan. OTA-oppimismenetelm\u00e4n tavoitteena on tarjota oppilaille positiivinen oppimiskokemus, lis\u00e4t\u00e4 heid\u00e4n luontaista kiinnostustaan tieteeseen ja vahvistaa heid\u00e4n ymm\u00e4rryst\u00e4\u00e4n siit\u00e4, ett\u00e4 tiede kuuluu kaikkien arkeen. View flipbook<\/p>\n","protected":false},"author":1,"featured_media":0,"parent":0,"menu_order":0,"comment_status":"closed","ping_status":"closed","template":"","meta":{"_acf_changed":false,"inline_featured_image":false,"footnotes":""},"class_list":["post-2902","page","type-page","status-publish","hentry"],"acf":[],"_links":{"self":[{"href":"https:\/\/elearning.ota-project.eu\/fi\/wp-json\/wp\/v2\/pages\/2902","targetHints":{"allow":["GET"]}}],"collection":[{"href":"https:\/\/elearning.ota-project.eu\/fi\/wp-json\/wp\/v2\/pages"}],"about":[{"href":"https:\/\/elearning.ota-project.eu\/fi\/wp-json\/wp\/v2\/types\/page"}],"author":[{"embeddable":true,"href":"https:\/\/elearning.ota-project.eu\/fi\/wp-json\/wp\/v2\/users\/1"}],"replies":[{"embeddable":true,"href":"https:\/\/elearning.ota-project.eu\/fi\/wp-json\/wp\/v2\/comments?post=2902"}],"version-history":[{"count":4,"href":"https:\/\/elearning.ota-project.eu\/fi\/wp-json\/wp\/v2\/pages\/2902\/revisions"}],"predecessor-version":[{"id":3918,"href":"https:\/\/elearning.ota-project.eu\/fi\/wp-json\/wp\/v2\/pages\/2902\/revisions\/3918"}],"wp:attachment":[{"href":"https:\/\/elearning.ota-project.eu\/fi\/wp-json\/wp\/v2\/media?parent=2902"}],"curies":[{"name":"wp","href":"https:\/\/api.w.org\/{rel}","templated":true}]}}