{"id":2899,"date":"2022-02-24T14:11:37","date_gmt":"2022-02-24T14:11:37","guid":{"rendered":"https:\/\/elearning.ota-project.eu\/home\/"},"modified":"2023-04-11T08:29:56","modified_gmt":"2023-04-11T08:29:56","slug":"home","status":"publish","type":"page","link":"https:\/\/elearning.ota-project.eu\/fi\/","title":{"rendered":"Kotisivu"},"content":{"rendered":"<h1>Online Teaching Advancement<\/h1>\n<h1>Science Through Art<\/h1>\n<div>\n<p><span>OTA (Online Teaching Advancement) on Erasmus+ -rahoitettu kansainv\u00e4linen hanke, jossa tuotetaan materiaalia et\u00e4oppimiseen sek\u00e4 koululuokkiin. Hanke tarjoaa innostavaa sis\u00e4lt\u00f6\u00e4 yhdist\u00e4m\u00e4ll\u00e4 kemiaa, fysiikkaa ja matematiikkaa taiteeseen. Tiedett\u00e4 taiteesta -n\u00e4k\u00f6kulma integroi oppilaita sek\u00e4 kouluty\u00f6h\u00f6n ett\u00e4 parantaa heid\u00e4n hyvinvointiaan omassa arjessaan ja omissa yhteis\u00f6iss\u00e4\u00e4n.<\/span><\/p>\n<p><span>Yhdess\u00e4 Heurekan kanssa kumppaniorganisaatiot Sloveniasta, Italiasta ja Kyprokselta ovat tuottaneet hankkeeseen oppimismenetelm\u00e4 sek\u00e4 101 oppikokonaisuutta yl\u00e4koulun matematiikan, fysiikan ja kemian aiheista. Materiaali l\u00f6ytyy alta.<\/span><\/p>\n<\/div>\n<p><iframe src=\"https:\/\/www.youtube.com\/watch?v=MFMxvWpZ8zA\"><\/iframe><\/p>\n<div>\n<p>        <img decoding=\"async\" src=\"\/wp-content\/uploads\/2022\/08\/activities.png\" alt=\"Activities\"><\/p>\n<h2>Oppimateriaalit<\/h2>\n<p><a href=\"\/fi\/activities\/\"><\/a><\/p>\n<\/div>\n<div>\n<p>        <img decoding=\"async\" src=\"\/wp-content\/uploads\/2022\/08\/methodology.png\" alt=\"Methodology\"><\/p>\n<h2>Menetelm\u00e4t<\/h2>\n<p><a href=\"\/fi\/methodology\/\"><\/a><\/p>\n<\/div>\n<div>\n<p>        <img decoding=\"async\" src=\"\/wp-content\/uploads\/2022\/08\/needsAnalysis.png\" alt=\"Tarvitsee analyysin\"><\/p>\n<h2>Tarpeiden analyysi<\/h2>\n<p><a href=\"\/fi\/needs-analysis\/\"><\/a><\/p>\n<\/div>\n<p><!--more--><br \/>\n<!-- {\"type\":\"layout\",\"children\":[{\"type\":\"section\",\"props\":{\"style\":\"default\",\"width\":\"default\",\"vertical_align\":\"middle\",\"title_position\":\"top-left\",\"title_rotation\":\"left\",\"title_breakpoint\":\"xl\",\"image_position\":\"center-center\",\"class\":\"visible_to_logged_in\"},\"children\":[{\"type\":\"row\",\"children\":[{\"type\":\"column\",\"props\":{\"position_sticky_breakpoint\":\"m\",\"image_position\":\"center-center\",\"media_overlay_gradient\":\"\"},\"children\":[{\"type\":\"headline\",\"props\":{\"title_element\":\"h1\",\"css\":\".el-element{\\n    color: #001689;\\n    font-size: 40px;\\n}\\n\",\"content\":\"Online Teaching Advancement\",\"title_style\":\"h2\",\"margin\":\"small\",\"text_align\":\"center\"}},{\"type\":\"headline\",\"props\":{\"title_element\":\"h1\",\"css\":\".el-element{\\n    color: #001689;\\n    font-size: 50px;\\n    font-size: 65px;\\nline-height: 1;\\n}\\n\",\"content\":\"Science Through Art\",\"title_style\":\"h1\",\"text_align\":\"center\",\"margin_remove_top\":true}},{\"type\":\"text\",\"props\":{\"margin\":\"default\",\"column_breakpoint\":\"m\",\"content\":\"\n\n<p><span>OTA (Online Teaching Advancement) on Erasmus+ -rahoitettu kansainv\\u00e4linen hanke, jossa tuotetaan materiaalia et\\u00e4oppimiseen sek\\u00e4 koululuokkiin. Hanke tarjoaa innostavaa sis\\u00e4lt\\u00f6\\u00e4 yhdist\\u00e4m\\u00e4ll\\u00e4 kemiaa, fysiikkaa ja matematiikkaa taiteeseen. Tiedett\\u00e4 taiteesta -n\\u00e4k\\u00f6kulma integroi oppilaita sek\\u00e4 kouluty\\u00f6h\\u00f6n ett\\u00e4 parantaa heid\\u00e4n hyvinvointiaan omassa arjessaan ja omissa yhteis\\u00f6iss\\u00e4\\u00e4n.<\\\/span><\\\/p>\\n\n\n<p><span>Yhdess\\u00e4 Heurekan kanssa kumppaniorganisaatiot Sloveniasta, Italiasta ja Kyprokselta ovat tuottaneet hankkeeseen oppimismenetelm\\u00e4 sek\\u00e4 101 oppikokonaisuutta yl\\u00e4koulun matematiikan, fysiikan ja kemian aiheista. Materiaali l\\u00f6ytyy alta.<\\\/span><\\\/p>\"}},{\"type\":\"video\",\"props\":{\"video_controls\":true,\"margin\":\"default\",\"css\":\".el-element{\\n\\twidth: 80%;\\n    margin: 0 auto;\\n    height: 350px;\\n}\\n.el-element iframe{\\n\\twidth: 100%;\\n    height: 100%;\\n}\",\"video\":\"https:\\\/\\\/www.youtube.com\\\/watch?v=MFMxvWpZ8zA\"}}]}]}]},{\"type\":\"section\",\"props\":{\"style\":\"default\",\"width\":\"default\",\"vertical_align\":\"middle\",\"title_position\":\"top-left\",\"title_rotation\":\"left\",\"title_breakpoint\":\"xl\",\"image_position\":\"center-center\",\"class\":\"visible_to_logged_in\",\"css\":\".el-section {\\n\\tbackground-color: rgba(0, 22, 137, .1);\\n}\\n.courses-row .el-image{\\n    max-height: 183px;\\n}\\n\"},\"children\":[{\"type\":\"row\",\"props\":{\"layout\":\"1-3,1-3,1-3\",\"match\":true,\"class\":\"courses-row\"},\"children\":[{\"type\":\"column\",\"props\":{\"position_sticky_breakpoint\":\"m\",\"image_position\":\"center-center\",\"media_overlay_gradient\":\"\",\"width_medium\":\"1-3\"},\"children\":[{\"type\":\"panel\",\"props\":{\"link_text\":\"\",\"title_hover_style\":\"reset\",\"title_element\":\"h2\",\"title_align\":\"top\",\"title_grid_width\":\"1-2\",\"title_grid_breakpoint\":\"m\",\"meta_style\":\"meta\",\"meta_align\":\"below-title\",\"meta_element\":\"div\",\"content_column_breakpoint\":\"m\",\"icon_width\":80,\"image_align\":\"top\",\"image_grid_width\":\"1-2\",\"image_grid_breakpoint\":\"m\",\"image_svg_color\":\"emphasis\",\"link_style\":\"default\",\"margin\":\"default\",\"title_style\":\"h3\",\"text_align\":\"center\",\"panel_padding\":\"default\",\"panel_link\":true,\"title\":\"Oppimateriaalit\",\"image\":\"wp-content\\\/uploads\\\/2022\\\/08\\\/activities.png\",\"link\":\"fi\\\/activities\\\/\",\"image_alt\":\"Activities\"}}]},{\"type\":\"column\",\"props\":{\"position_sticky_breakpoint\":\"m\",\"image_position\":\"center-center\",\"media_overlay_gradient\":\"\",\"width_medium\":\"1-3\"},\"children\":[{\"type\":\"panel\",\"props\":{\"link_text\":\"\",\"title_hover_style\":\"reset\",\"title_element\":\"h2\",\"title_align\":\"top\",\"title_grid_width\":\"1-2\",\"title_grid_breakpoint\":\"m\",\"meta_style\":\"meta\",\"meta_align\":\"below-title\",\"meta_element\":\"div\",\"content_column_breakpoint\":\"m\",\"icon_width\":80,\"image_align\":\"top\",\"image_grid_width\":\"1-2\",\"image_grid_breakpoint\":\"m\",\"image_svg_color\":\"emphasis\",\"link_style\":\"default\",\"margin\":\"default\",\"title_style\":\"h3\",\"text_align\":\"center\",\"panel_padding\":\"default\",\"panel_link\":true,\"title\":\"Menetelm\\u00e4t\",\"image\":\"wp-content\\\/uploads\\\/2022\\\/08\\\/methodology.png\",\"image_alt\":\"Methodology\",\"link\":\"fi\\\/methodology\\\/\"}}]},{\"type\":\"column\",\"props\":{\"position_sticky_breakpoint\":\"m\",\"image_position\":\"center-center\",\"media_overlay_gradient\":\"\",\"width_medium\":\"1-3\"},\"children\":[{\"type\":\"panel\",\"props\":{\"link_text\":\"\",\"title_hover_style\":\"reset\",\"title_element\":\"h2\",\"title_align\":\"top\",\"title_grid_width\":\"1-2\",\"title_grid_breakpoint\":\"m\",\"meta_style\":\"meta\",\"meta_align\":\"below-title\",\"meta_element\":\"div\",\"content_column_breakpoint\":\"m\",\"icon_width\":80,\"image_align\":\"top\",\"image_grid_width\":\"1-2\",\"image_grid_breakpoint\":\"m\",\"image_svg_color\":\"emphasis\",\"link_style\":\"default\",\"margin\":\"default\",\"title_style\":\"h3\",\"text_align\":\"center\",\"panel_padding\":\"default\",\"panel_link\":true,\"title\":\"Tarpeiden analyysi\",\"image\":\"wp-content\\\/uploads\\\/2022\\\/08\\\/needsAnalysis.png\",\"image_alt\":\"Tarvitsee analyysin\",\"link\":\"fi\\\/needs-analysis\\\/\"}}]}]}]}],\"version\":\"2.7.22\"} --><\/p>\n","protected":false},"excerpt":{"rendered":"<p>Online Teaching Advancement Science Through Art OTA (Online Teaching Advancement) on Erasmus+ -rahoitettu kansainv\u00e4linen hanke, jossa tuotetaan materiaalia et\u00e4oppimiseen sek\u00e4 koululuokkiin. Hanke tarjoaa innostavaa sis\u00e4lt\u00f6\u00e4 yhdist\u00e4m\u00e4ll\u00e4 kemiaa, fysiikkaa ja matematiikkaa taiteeseen. Tiedett\u00e4 taiteesta -n\u00e4k\u00f6kulma integroi oppilaita sek\u00e4 kouluty\u00f6h\u00f6n ett\u00e4 parantaa heid\u00e4n hyvinvointiaan omassa arjessaan ja omissa yhteis\u00f6iss\u00e4\u00e4n. Yhdess\u00e4 Heurekan kanssa kumppaniorganisaatiot Sloveniasta, Italiasta ja Kyprokselta [&hellip;]<\/p>\n","protected":false},"author":1,"featured_media":0,"parent":0,"menu_order":0,"comment_status":"closed","ping_status":"closed","template":"","meta":{"_acf_changed":false,"inline_featured_image":false,"footnotes":""},"class_list":["post-2899","page","type-page","status-publish","hentry"],"acf":[],"_links":{"self":[{"href":"https:\/\/elearning.ota-project.eu\/fi\/wp-json\/wp\/v2\/pages\/2899","targetHints":{"allow":["GET"]}}],"collection":[{"href":"https:\/\/elearning.ota-project.eu\/fi\/wp-json\/wp\/v2\/pages"}],"about":[{"href":"https:\/\/elearning.ota-project.eu\/fi\/wp-json\/wp\/v2\/types\/page"}],"author":[{"embeddable":true,"href":"https:\/\/elearning.ota-project.eu\/fi\/wp-json\/wp\/v2\/users\/1"}],"replies":[{"embeddable":true,"href":"https:\/\/elearning.ota-project.eu\/fi\/wp-json\/wp\/v2\/comments?post=2899"}],"version-history":[{"count":5,"href":"https:\/\/elearning.ota-project.eu\/fi\/wp-json\/wp\/v2\/pages\/2899\/revisions"}],"predecessor-version":[{"id":4554,"href":"https:\/\/elearning.ota-project.eu\/fi\/wp-json\/wp\/v2\/pages\/2899\/revisions\/4554"}],"wp:attachment":[{"href":"https:\/\/elearning.ota-project.eu\/fi\/wp-json\/wp\/v2\/media?parent=2899"}],"curies":[{"name":"wp","href":"https:\/\/api.w.org\/{rel}","templated":true}]}}