{"id":2895,"date":"2022-08-30T10:25:31","date_gmt":"2022-08-30T10:25:31","guid":{"rendered":"https:\/\/elearning.ota-project.eu\/activities\/"},"modified":"2023-04-11T07:31:51","modified_gmt":"2023-04-11T07:31:51","slug":"activities","status":"publish","type":"page","link":"https:\/\/elearning.ota-project.eu\/fi\/activities\/","title":{"rendered":"Aktiviteetit"},"content":{"rendered":"<div>\n<nav aria-label=\"Breadcrumb\" class=\"sfwd-breadcrumbs clr lms-breadcrumbs \"><div class=\"breadcrumb-trail\"><span itemscope=\"\" itemtype=\"http:\/\/schema.org\/Breadcrumb\"><a href=\"https:\/\/elearning.ota-project.eu\/fi\/\" title=\"Kotisivu\" rel=\"kotisivu\" class=\"trail-begin\"><span itemprop=\"Kotisivu\">Kotisivu<\/span><\/a><\/span><\/div><\/nav>\n<\/div>\n<h1>Aktiviteetit<\/h1>\n<div>\n<div class=\"uk-panel uk-margin\" data-id=\"template-g39IVgY-#0-0-0-2\">\n<p><span>T\u00e4m\u00e4 verkkoarkisto tarjoaa 101 oppimateriaalia 61 eri aiheesta matematiikan, fysiikan ja kemian aloilta. Ne ovat opetuksen ja oppimisen haastaviksi koettuja aiheita kyselyn perusteella. Opettajat voivat valita materiaalia tarpeidensa mukaan, s\u00e4\u00e4t\u00e4\u00e4 sit\u00e4 ja k\u00e4ytt\u00e4\u00e4 sit\u00e4 verkossa tai luokkahuoneessa suuren tai pienen opiskelijaryhm\u00e4n kanssa.<br \/><\/span><\/p>\n<p><span>T\u00e4m\u00e4 ty\u00f6kalu auttaa k\u00e4ytt\u00e4m\u00e4\u00e4n paremmin aktiviteetteja.<\/span><\/p>\n<p><a class=\"uk-button uk-button-primary\" href=\"\/wp-content\/uploads\/toolkit\/OTA_LearningToolkit-FN.pdf\" target=\"_blank\">Lataa Toolkit<\/a>\n<\/div>\n<\/div>\n<div>\n<\/div>\n<div>\n<p>T\u00e4st\u00e4 tiedostosta l\u00f6ytyy fokusryhmien ja pilotointien pohjalta ker\u00e4tty\u00e4 tietoa aktiviteeteista. <\/p>\n<p><a class=\"uk-button uk-button-primary\" target=\"_blank\" href=\"\/wp-content\/uploads\/toolkit\/OTA_SynthesisReport.pdf\">Lataa synteesiraportti<\/a><\/p>\n<\/div>\n<p><!--more--><br \/>\n<!-- {\"type\":\"layout\",\"children\":[{\"type\":\"section\",\"props\":{\"style\":\"default\",\"width\":\"default\",\"vertical_align\":\"middle\",\"title_position\":\"top-left\",\"title_rotation\":\"left\",\"title_breakpoint\":\"xl\",\"image_position\":\"center-center\",\"padding\":\"small\"},\"children\":[{\"type\":\"row\",\"children\":[{\"type\":\"column\",\"props\":{\"position_sticky_breakpoint\":\"m\",\"image_position\":\"center-center\",\"media_overlay_gradient\":\"\"},\"children\":[{\"type\":\"text\",\"props\":{\"margin\":\"default\",\"column_breakpoint\":\"m\",\"content\":\"\n\n<p>[uo_breadcrumbs]<\\\/p>\"}},{\"type\":\"headline\",\"props\":{\"title_element\":\"h1\",\"content\":\"Aktiviteetit\",\"title_color\":\"primary\",\"class\":\"page-header\"}},{\"type\":\"text\",\"props\":{\"margin\":\"default\",\"column_breakpoint\":\"m\",\"content\":\"\n\n<div class=\\\"uk-panel uk-margin\\\" data-id=\\\"template-g39IVgY-#0-0-0-2\\\">\\n\n\n<p><span>T\\u00e4m\\u00e4 verkkoarkisto tarjoaa 101 oppimateriaalia 61 eri aiheesta matematiikan, fysiikan ja kemian aloilta. Ne ovat opetuksen ja oppimisen haastaviksi koettuja aiheita kyselyn perusteella. Opettajat voivat valita materiaalia tarpeidensa mukaan, s\\u00e4\\u00e4t\\u00e4\\u00e4 sit\\u00e4 ja k\\u00e4ytt\\u00e4\\u00e4 sit\\u00e4 verkossa tai luokkahuoneessa suuren tai pienen opiskelijaryhm\\u00e4n kanssa.<br \\\/><\\\/span><\\\/p>\\n\n\n<p><span>T\\u00e4m\\u00e4 ty\\u00f6kalu auttaa k\\u00e4ytt\\u00e4m\\u00e4\\u00e4n paremmin aktiviteetteja.<\\\/span><\\\/p>\\n<a class=\\\"uk-button uk-button-primary\\\" href=\\\"\\\/wp-content\\\/uploads\\\/toolkit\\\/OTA_LearningToolkit-FN.pdf\\\" target=\\\"_blank\\\">Lataa Toolkit<\\\/a>\\n<\\\/div>\"}}]}]}]},{\"type\":\"section\",\"props\":{\"style\":\"default\",\"width\":\"default\",\"vertical_align\":\"middle\",\"title_position\":\"top-left\",\"title_rotation\":\"left\",\"title_breakpoint\":\"xl\",\"image_position\":\"center-center\",\"css\":\".el-section {\\n\\tbackground-color: rgba(0, 22, 137, .1);\\n}\",\"height\":\"expand\"},\"children\":[{\"type\":\"row\",\"children\":[{\"type\":\"column\",\"props\":{\"position_sticky_breakpoint\":\"m\",\"image_position\":\"center-center\",\"media_overlay_gradient\":\"\"},\"children\":[{\"type\":\"panel-slider\",\"props\":{\"show_title\":true,\"show_meta\":true,\"show_content\":true,\"show_image\":true,\"show_link\":true,\"slider_width\":\"fixed\",\"slider_width_default\":\"1-1\",\"slider_width_medium\":\"1-3\",\"slider_gap\":\"small\",\"slider_autoplay_pause\":true,\"nav\":\"\",\"nav_align\":\"center\",\"nav_breakpoint\":\"s\",\"slidenav\":\"\",\"slidenav_margin\":\"medium\",\"slidenav_breakpoint\":\"xl\",\"slidenav_outside_breakpoint\":\"xl\",\"panel_card_match\":true,\"title_hover_style\":\"reset\",\"title_element\":\"h3\",\"title_align\":\"top\",\"title_grid_width\":\"1-2\",\"title_grid_breakpoint\":\"m\",\"meta_style\":\"meta\",\"meta_align\":\"below-title\",\"meta_element\":\"div\",\"content_column_breakpoint\":\"m\",\"icon_width\":80,\"image_align\":\"top\",\"image_grid_width\":\"1-2\",\"image_grid_breakpoint\":\"m\",\"image_svg_color\":\"emphasis\",\"link_text\":\"\",\"link_style\":\"default\",\"margin\":\"default\",\"panel_link\":true,\"class\":\"\",\"css\":\".el-image{\\n    max-height: 183px\\n}\\n.el-element{\\n\\toverflow: visible;\\n}\\n.el-element .uk-slider-items{\\n    pointer-events:none;\\n}\\n.el-element .uk-slider-items{\\n    pointer-events:auto;\\n}\",\"text_align\":\"center\"},\"children\":[{\"type\":\"panel-slider_item\",\"source\":{\"query\":{\"name\":\"sfwdCoursess.customSfwdCoursess\",\"arguments\":{\"terms\":[],\"ld_course_category_operator\":\"IN\",\"ld_course_tag_operator\":\"IN\",\"users\":[],\"users_operator\":\"IN\",\"offset\":0,\"limit\":10,\"order\":\"date\",\"order_direction\":\"DESC\"}},\"props\":{\"title\":{\"filters\":{\"search\":\"\"},\"name\":\"title\"},\"image\":{\"filters\":{\"search\":\"\"},\"name\":\"featuredImage.url\"},\"image_alt\":{\"filters\":{\"search\":\"\"},\"name\":\"title\"},\"link\":{\"filters\":{\"search\":\"\"},\"name\":\"link\"}}}}]}]}]}]},{\"type\":\"section\",\"props\":{\"style\":\"default\",\"width\":\"default\",\"vertical_align\":\"middle\",\"title_position\":\"top-left\",\"title_rotation\":\"left\",\"title_breakpoint\":\"xl\",\"image_position\":\"center-center\",\"padding\":\"xsmall\"},\"children\":[{\"type\":\"row\",\"children\":[{\"type\":\"column\",\"props\":{\"position_sticky_breakpoint\":\"m\",\"image_position\":\"center-center\",\"media_overlay_gradient\":\"\"},\"children\":[{\"type\":\"text\",\"props\":{\"margin\":\"default\",\"column_breakpoint\":\"m\",\"content\":\"\n\n<p>T\\u00e4st\\u00e4 tiedostosta l\\u00f6ytyy fokusryhmien ja pilotointien pohjalta ker\\u00e4tty\\u00e4 tietoa aktiviteeteista. <\\\/p>\\n\n\n<p><a class=\\\"uk-button uk-button-primary\\\" target=\\\"_blank\\\" href=\\\"\\\/wp-content\\\/uploads\\\/toolkit\\\/OTA_SynthesisReport.pdf\\\">Lataa synteesiraportti<\\\/a><\\\/p>\"}}]}]}]}],\"version\":\"2.7.22\"} --><\/p>\n","protected":false},"excerpt":{"rendered":"<p>Aktiviteetit T\u00e4m\u00e4 verkkoarkisto tarjoaa 101 oppimateriaalia 61 eri aiheesta matematiikan, fysiikan ja kemian aloilta. Ne ovat opetuksen ja oppimisen haastaviksi koettuja aiheita kyselyn perusteella. Opettajat voivat valita materiaalia tarpeidensa mukaan, s\u00e4\u00e4t\u00e4\u00e4 sit\u00e4 ja k\u00e4ytt\u00e4\u00e4 sit\u00e4 verkossa tai luokkahuoneessa suuren tai pienen opiskelijaryhm\u00e4n kanssa. T\u00e4m\u00e4 ty\u00f6kalu auttaa k\u00e4ytt\u00e4m\u00e4\u00e4n paremmin aktiviteetteja. Lataa Toolkit T\u00e4st\u00e4 tiedostosta l\u00f6ytyy fokusryhmien [&hellip;]<\/p>\n","protected":false},"author":1,"featured_media":0,"parent":0,"menu_order":0,"comment_status":"closed","ping_status":"closed","template":"","meta":{"_acf_changed":false,"inline_featured_image":false,"footnotes":""},"class_list":["post-2895","page","type-page","status-publish","hentry"],"acf":[],"_links":{"self":[{"href":"https:\/\/elearning.ota-project.eu\/fi\/wp-json\/wp\/v2\/pages\/2895","targetHints":{"allow":["GET"]}}],"collection":[{"href":"https:\/\/elearning.ota-project.eu\/fi\/wp-json\/wp\/v2\/pages"}],"about":[{"href":"https:\/\/elearning.ota-project.eu\/fi\/wp-json\/wp\/v2\/types\/page"}],"author":[{"embeddable":true,"href":"https:\/\/elearning.ota-project.eu\/fi\/wp-json\/wp\/v2\/users\/1"}],"replies":[{"embeddable":true,"href":"https:\/\/elearning.ota-project.eu\/fi\/wp-json\/wp\/v2\/comments?post=2895"}],"version-history":[{"count":9,"href":"https:\/\/elearning.ota-project.eu\/fi\/wp-json\/wp\/v2\/pages\/2895\/revisions"}],"predecessor-version":[{"id":4547,"href":"https:\/\/elearning.ota-project.eu\/fi\/wp-json\/wp\/v2\/pages\/2895\/revisions\/4547"}],"wp:attachment":[{"href":"https:\/\/elearning.ota-project.eu\/fi\/wp-json\/wp\/v2\/media?parent=2895"}],"curies":[{"name":"wp","href":"https:\/\/api.w.org\/{rel}","templated":true}]}}